{"id":108,"date":"2011-03-14T17:34:26","date_gmt":"2011-03-14T16:34:26","guid":{"rendered":"http:\/\/graduats.wordpress.com\/?page_id=63"},"modified":"2020-04-13T11:45:24","modified_gmt":"2020-04-13T09:45:24","slug":"quienes-somos","status":"publish","type":"page","link":"http:\/\/www.graduats.org\/wordpress\/quienes-somos\/","title":{"rendered":""},"content":{"rendered":"<h1 style=\"text-align: justify;\">Qui som?<\/h1>\n<p style=\"text-align: justify;\">El nostre origen es remunta als nostres anys d&#8217;estudiants, i la majoria de nosaltres procedim del Moviment JEC (joventut estudiant cat\u00f2lica) de Val\u00e8ncia. En l&#8217;actualitat hi ha al grup unes 30 persones, d&#8217;edats diverses, amb estudis superiors i amb resid\u00e8ncia a Val\u00e8ncia o voltants. Tenim un Consiliari que ens acompanya en la nostra viv\u00e8ncia i aprofundiment de la fe. Estem organitzats en quatre equips de revisi\u00f3 de vida, que es reuneixen peri\u00f2dicament a casa d&#8217;algun dels membres. Tenim activitats comunes de celebraci\u00f3 i formaci\u00f3, per a les quals utilitzem una sala i una capella que ens cedeixen en el Col\u00b7legi del Patriarca<\/p>\n<h1 style=\"text-align: justify;\">Qu\u00e8 busquem?<\/h1>\n<p style=\"text-align: justify;\">A tots ens uneix el desig de mantindre i avivar la fe cristiana que hem rebut. Ens sabem cridats a seguir a Jesucrist i ens sentim membres de la seua Esgl\u00e9sia, a trav\u00e9s de la qual l&#8217;hem conegut i gr\u00e0cies a la qual mantenim viva la seua pres\u00e8ncia. Sabem que no es pot seguir a Jes\u00fas en solitari, i que dins de l&#8217;Esgl\u00e9sia Cat\u00f2lica hi ha molts carismes; per aix\u00f2 som grup i oferim el nostre mode de viure la fe a qui es puga mostrar interessat per aquesta forma concreta de viure el cristianisme, una m\u00e9s dins de la pluralitat que ens ha de caracteritzar. No volem ser un grup tancat ni excloent, encara que tampoc no busquem aconseguir cap nombre de membres a qualsevol preu. Proposem la nostra opci\u00f3, per\u00f2 no fem proselitisme. Volem prestar un servici a la societat i a l&#8217;Esgl\u00e9sia dels que tant rebem, desde la recerca de la llibertat de pensament i de la fidelitat al missatge de l&#8217;Evangeli.<\/p>\n<h1 style=\"text-align: justify;\">Com entenem el nostre ser cristians?<\/h1>\n<p style=\"text-align: justify;\">Pel nostre origen en els moviments especialitzats d&#8217;Acci\u00f3 Cat\u00f2lica, entenem la nostra acci\u00f3 en el m\u00f3n des de la mediaci\u00f3 en la societat en qu\u00e8 vivim , junt amb totes les persones que lluiten per una major plenitud dels sers humans, siga quin siga la seua ideologia o creen\u00e7a. Som conscients que aquesta forma de viv\u00e8ncia de la fe \u00e9s arriscada, perqu\u00e8 el di\u00e0leg honest amb el m\u00f3n suposa un permanent contrast de les pr\u00f2pies idees i pot fer vacil\u00b7lar la fidelitat evang\u00e8lica. Per\u00f2 la nostra experi\u00e8ncia \u00e9s que la fe en Jes\u00fas s&#8217;aferma quan estem al costat dels homes i dones del nostre temps, des de l&#8217;actitud de compartir que no d&#8217;imposar, donant ra\u00f3 que el sentit del nostre comprom\u00eds i la for\u00e7a de la nostra persist\u00e8ncia est\u00e0 fundat en la fe en Jes\u00fas i la pertinen\u00e7a a l&#8217;Esgl\u00e9sia. No podr\u00edem sobreviure com a cristians al mig de la nostra societat si no tingu\u00e9rem en un lloc preferent la necessitat de l&#8217;oraci\u00f3 i la celebraci\u00f3 de l&#8217;Eucaristia i els altres sagraments. Per aix\u00f2 en les nostres reunions intentem cuidar la viv\u00e8ncia de l&#8217;espiritualitat, i en la nostra vida personal revisar cont\u00ednuament si cuidem la constant refer\u00e8ncia a D\u00e9u, el nostre creador i salvador. Per a poder donar ra\u00f3 de la nostra esperan\u00e7a, i dialogar amb els nostres contemporanis, detectem la necessitat de que els cristians siguem interlocutors v\u00e0lids i poder aix\u00ed respondre als reptes que sorgeixen en el curs dels esdeveniments. Per a aix\u00f2 ens proposem cultivar la formaci\u00f3 intel\u00b7lectual en l&#8217;aspecte religi\u00f3s i en tots els aspectes de la nostra vida.<\/p>\n\n\n<h1 class=\"wp-block-heading\">Graduats de a.c. Valencia &#8230; \u00bfUn laicado en acci\u00f3n?<\/h1>\n\n\n\n<p><a href=\"http:\/\/www.graduats.org\/wordpress\/graduats-de-a-c-valencia-un-laicado-en-accion\/\">24 enero, 2020<\/a> \u00b7&nbsp;de&nbsp;<a href=\"http:\/\/www.graduats.org\/wordpress\/author\/admin\/\">Graduats a.c.<\/a> \u00b7&nbsp;en&nbsp;<a href=\"http:\/\/www.graduats.org\/wordpress\/category\/noticias\/\">Noticias<\/a>. <\/p>\n\n\n\n<p>Se est\u00e1&nbsp; preparando un congreso de laicos que parece surgir de la necesidad de reflexionar sobre c\u00f3mo vertebrar su presencia en la Iglesia dentro de&nbsp; una estructura eclesial clericalizada, y tambi\u00e9n sobre su presencia en la vida p\u00fablica. Se nos propone una reflexi\u00f3n previa por parte de grupos, comunidades, movimientos, parroquias\u2026etc., sobre la base del documento \u201cVolver a la escuela de Jes\u00fas\u201d.<br \/>Por nuestra parte, hemos intentado llevar la reflexi\u00f3n a los equipos, para hacer con ella revisi\u00f3n de vida sobre nuestra trayectoria como movimiento que naci\u00f3 en la Acci\u00f3n Cat\u00f3lica,&nbsp; desvinculado organizativamente desde hace muchos a\u00f1os de las estructuras eclesiales diocesanas, y con una relaci\u00f3n cercana en lo personal pero no efectiva en cuanto a participaci\u00f3n y co-responsabilidad, con el Movimiento de Profesionales Cristianos de Acci\u00f3n Cat\u00f3lica.<br \/>Graduats ha sido, y es,&nbsp; nuestra peque\u00f1a iglesia dom\u00e9stica. Siempre hemos estado acompa\u00f1ados por un sacerdote, (a veces por m\u00e1s de uno)&nbsp; que nos ha ayudado a crecer en la fe, a vivir la espiritualidad y a profundizar en la formaci\u00f3n cristiana.&nbsp;De nosotros podemos decir que hemos perseverado como grupo de Iglesia, fieles a una manera de funcionar (formaci\u00f3n-espiritualidad-acci\u00f3n), que nos era compatible con los distintos momentos vitales de cada cual, que ha habido algunas incorporaciones de gente que se ha quedado, y que algo hemos crecido como personas y como grupo.<br \/>Nuestro compromiso individual como creyentes se ha centrado en el mundo profesional porque ese es el carisma de nuestro movimiento. El compromiso de cada uno en el mundo de su profesi\u00f3n: cada uno en el suyo espec\u00edfico: Ense\u00f1anza (primaria, secundaria), Sanidad, Empresa, otras instituciones p\u00fablicas\u2026 As\u00ed, las personas que forman parte del movimiento han asumido responsabilidades profesionales y han intentado llevar ese talante cristiano a los compromisos asumidos.&nbsp;<br \/>Adem\u00e1s en el \u00e1mbito espec\u00edfico del compromiso eclesial, hubo un tiempo en que estuvimos muy implicados como grupo en estructuras eclesiales, como Pastoral juvenil y universitaria, y Junta diocesana de Acci\u00f3n Cat\u00f3lica. Tras esa primera etapa, a ra\u00edz de un seminario de formaci\u00f3n, tomamos un compromiso de colaboraci\u00f3n con C\u00e1ritas, participando en el sostenimiento econ\u00f3mico de un proyecto que luego pas\u00f3 a ser una aportaci\u00f3n individual no finalista. Dos personas del grupo se implicaron tambi\u00e9n como voluntarias mientras su situaci\u00f3n familiar lo permiti\u00f3.&nbsp; Algo similar sucedi\u00f3 m\u00e1s adelante, que nos movi\u00f3 a acercarnos a la fundaci\u00f3n Novaterra, en la cual participa una persona como voluntaria, y otras como asociadas. No se pudo formalizar el poder tomar parte&nbsp; del Patronato, al no estar regularizada nuestra situaci\u00f3n administrativa.<br \/>Y respecto a la relaci\u00f3n con la Acci\u00f3n Cat\u00f3lica, recibimos una llamada&nbsp; de los Profesionales Cristianos de Badajoz, que acudieron a visitarnos, y favorecieron un v\u00ednculo de amistad con el resto de militantes de otras provincias. Aquello nos dio un nuevo impulso y fue una invitaci\u00f3n a abrirnos a otras realidades eclesiales con las que compart\u00edamos, entre otras muchas cosas, una procedencia com\u00fan, y el lugar donde centramos nuestro compromiso en el mundo: el medio profesional. Acudimos a sus Sesiones de estudio anuales, y tuvimos algunos encuentros en que asistimos a actividades y celebraciones que nos hicieron sentir cu\u00e1n cercanos nos sent\u00edamos, y tambi\u00e9n admirar su manera de ser Iglesia y su compromiso en la sociedad. Pero no dimos el paso de involucrarnos m\u00e1s en sus actividades conjuntas y en la gesti\u00f3n del movimiento.<br \/>Algunos de nosotros hemos tratado de promover y difundir las actividades del F\u00f2rum Cristianisme i M\u00f3n d\u2019avui, encuentros que nos han conectado con la realidad de una Iglesia de frontera, que trabaja en los m\u00e1rgenes de la sociedad, desde una profunda vivencia de la fe y el seguimiento, y que irradia y celebra la alegr\u00eda que surge cuando se unifica al fe y el compromiso con los m\u00e1s desfavorecidos.<br \/>Un matrimonio de miembros de nuestro movimiento tiene vinculaci\u00f3n parroquial. Las celebraciones lit\u00fargicas, que son parte fundamental de nuestro ser cristianos, las llevamos a cabo en nuestras actividades comunes del movimiento: el resto del tiempo lit\u00fargico&nbsp; asistimos personal o colectivamente a los lugares de culto que nos resultan m\u00e1s cercanos.<br \/>Respecto a nuestra forma de entender el papel de los laicos en la Iglesia:&nbsp;<br \/><em>\u201cNuestra experiencia de comunidad, primero algunos en la JEC y luego en graduados, creo que es un ejemplo de lo que significa corresponsabilidad, participaci\u00f3n y democracia en la Iglesia.&nbsp;<\/em><br \/><em>En nuestra comunidad (movimiento) creo que todos nos sentimos tratados y nos comportamos como \u00abadultos laicos\u201d, responsables de las cuestiones relacionadas con la administraci\u00f3n, programaci\u00f3n, revisi\u00f3n o formaci\u00f3n que nos resulta necesaria.&nbsp;<\/em><br \/><em>Nos hemos sentido laicos adultos y hemos sido siempre considerados como tales; aunque, a veces, no nos hemos comprometido como tales.&nbsp;<\/em><br \/><em>Asumimos con frecuencia la mayor implicaci\u00f3n de unos u otros, con el criterio subyacente de su formaci\u00f3n o su capacidad en determinados \u00e1mbitos, sin preguntarnos ni cuestionarnos si es un laico o no lo es\u2026&nbsp; Y lo que es m\u00e1s importante, esta forma de ser Iglesia, es parte ya de nuestra forma de ser. No nos sorprende, no nos la cuestionamos y la damos por supuesta.&nbsp; Quiz\u00e1s nuestro \u201cpero\u00bb se encuentra en no haber compartido, &nbsp;nuestra forma de ser, con otros en la Iglesia.\u201d<\/em><br \/>Aportamos aqu\u00ed nuestra reflexi\u00f3n en los equipos, y queda tras ella la pregunta: nuestro movimiento como tal, y cada cual como perteneciente a la Iglesia, \u00bfnos sentimos llamados a dar alg\u00fan paso hacia la integraci\u00f3n en las estructuras eclesiales? \u00bfQu\u00e9 propuestas de las que hacemos asumimos de verdad? \u00bfVamos a participar en el s\u00ednodo? \u00bfVamos a colaborar en las acciones concretas que de este s\u00ednodo surjan? \u00bfEn qu\u00e9?<\/p>\n","protected":false},"excerpt":{"rendered":"<p>Qui som? El nostre origen es remunta als nostres anys d&#8217;estudiants, i la majoria de nosaltres procedim del Moviment JEC (joventut estudiant cat\u00f2lica) de Val\u00e8ncia. En l&#8217;actualitat hi ha al grup unes 30 persones, d&#8217;edats diverses, amb estudis superiors i amb resid\u00e8ncia a Val\u00e8ncia o voltants. Tenim un Consiliari que ens acompanya en la nostra [&hellip;]<\/p>\n","protected":false},"author":2,"featured_media":0,"parent":0,"menu_order":1,"comment_status":"closed","ping_status":"closed","template":"page-template-fullwidth.php","meta":{"footnotes":""},"class_list":["post-108","page","type-page","status-publish","hentry"],"_links":{"self":[{"href":"http:\/\/www.graduats.org\/wordpress\/wp-json\/wp\/v2\/pages\/108","targetHints":{"allow":["GET"]}}],"collection":[{"href":"http:\/\/www.graduats.org\/wordpress\/wp-json\/wp\/v2\/pages"}],"about":[{"href":"http:\/\/www.graduats.org\/wordpress\/wp-json\/wp\/v2\/types\/page"}],"author":[{"embeddable":true,"href":"http:\/\/www.graduats.org\/wordpress\/wp-json\/wp\/v2\/users\/2"}],"replies":[{"embeddable":true,"href":"http:\/\/www.graduats.org\/wordpress\/wp-json\/wp\/v2\/comments?post=108"}],"version-history":[{"count":12,"href":"http:\/\/www.graduats.org\/wordpress\/wp-json\/wp\/v2\/pages\/108\/revisions"}],"predecessor-version":[{"id":5389,"href":"http:\/\/www.graduats.org\/wordpress\/wp-json\/wp\/v2\/pages\/108\/revisions\/5389"}],"wp:attachment":[{"href":"http:\/\/www.graduats.org\/wordpress\/wp-json\/wp\/v2\/media?parent=108"}],"curies":[{"name":"wp","href":"https:\/\/api.w.org\/{rel}","templated":true}]}}