{"id":3362,"date":"2016-10-07T17:36:14","date_gmt":"2016-10-07T15:36:14","guid":{"rendered":"http:\/\/www.graduats.org\/wordpress\/?page_id=3362"},"modified":"2019-10-20T08:13:01","modified_gmt":"2019-10-20T06:13:01","slug":"seminario-de-formacion","status":"publish","type":"page","link":"http:\/\/www.graduats.org\/wordpress\/curso-2016-2017\/seminario-de-formacion\/","title":{"rendered":"Seminario de formaci\u00f3n 2016-2017"},"content":{"rendered":"<h3>Desaf\u00edos de la iglesia a 50 a\u00f1os del concilio Vaticano II<\/h3>\n<p><a href=\"http:\/\/www.graduats.org\/wordpress\/wp-content\/uploads\/2016\/12\/GarridoLaicos.pdf\" target=\"_blank\" rel=\"noopener noreferrer\"><b>1\u00aa.- La participaci\u00f3n de los cristianos en la vida de la iglesia. Juan Jos\u00e9 Garrido. 26 de noviembre de 2016<\/b><\/a><\/p>\n<p><a href=\"http:\/\/www.graduats.org\/wordpress\/wp-content\/uploads\/2017\/02\/seminario2esquema.pdf\" target=\"_blank\" rel=\"noopener noreferrer\"><b>2\u00aa.- La iglesia en el espacio p\u00fablico. \u00c1ngel Peris. 4 de febrero de 2017<\/b><\/a><\/p>\n<p><b>3\u00aa.- Sobre la cuesti\u00f3n de g\u00e9nero. Emilia Bea y Mar\u00eda Jos\u00e9 A\u00f1\u00f3n. 11 de marzo de 2017<\/b><\/p>\n<p><a href=\"http:\/\/www.graduats.org\/wordpress\/wp-content\/uploads\/2017\/06\/2017seminario4.pdf\" target=\"_blank\" rel=\"noopener noreferrer\"><b>4\u00aa.- El cristiano del siglo XXI ser\u00e1 m\u00edstico o no ser\u00e1. Mariano Ruiz. 10 de junio a las 18:00h.\u00a0<\/b><\/a><\/p>\n<p>Bibliograf\u00eda<\/p>\n<p>Aristide Fumagalli, <i>La cuesti\u00f3n del &#8216;gender&#8217;. Claves para una antropolog\u00eda sexual<\/i>, Malia\u00f1o, Sal Terrae, 2016.<\/p>\n<p>Karl Rahner, <i>Cambio estructural en la iglesia<\/i>, Madrid, Ediciones cristiandad, 1974. Hay edici\u00f3n reciente en PPC editorial, 2014.<\/p>\n<p><i>Iglesia Viva,<\/i> 266 (2\u00ba trim. 2016), \u201cPor una iglesia desclericalizada\u201d<\/p>\n<p>Pablo d&#8217;Ors, \u00abUna vida nueva para la espiritualidad: a la renovaci\u00f3n por la oraci\u00f3n\u201d, entrevista en <i>Vida Nueva<\/i>, 8 de agosto de 2016,<br \/>\n<a href=\"http:\/\/www.vidanueva.es\/2016\/08\/08\/una-vida-nueva-para-la-espiritualidad-a-la-renovacion-por-la-oracion-pablo-dors\/\">http:\/\/www.vidanueva.es\/2016\/08\/08\/una-vida-nueva-para-la-espiritualidad-a-la-renovacion-por-la-oracion-pablo-dors\/<\/a><\/p>\n<p>Joseph Ratzinger y J\u00fcrgen Habermas, <i>Dial\u00e9ctica de la secularizaci\u00f3n. Sobre la raz\u00f3n y la religi\u00f3n<\/i>, Madrid, Editorial Encuentro, 2006.<\/p>\n<p>Joseph Ratzinger y Hans Maier, <i>\u00bfDemocracia en la iglesia?<\/i>, Madrid, Ed. San Pablo, 2005.<\/p>\n<p>Andr\u00e9 Torres Queiruga,\u00a0<a href=\"http:\/\/servicioskoinonia.org\/relat\/309.htm\" target=\"_blank\" rel=\"noopener noreferrer\">\u00abLa democracia en la iglesia\u00bb<\/a>, en Servicios Koinonia, visto el 25\/XI\/2016<\/p>\n<p><a href=\"https:\/\/dialnet.unirioja.es\/servlet\/autor?codigo=22353\">Lamberto de Echeverr\u00eda<\/a>, El Cambio estructural de la Iglesia\u00bb de Karl Rahner: reflexiones con ocasi\u00f3n de su muerte, <a href=\"https:\/\/dialnet.unirioja.es\/servlet\/revista?codigo=1218\"><i>Revista espa\u00f1ola de derecho can\u00f3nico<\/i><\/a><i>, <\/i>40, N\u00ba 116, (1984), 335-362.<\/p>\n<p>Hernan Alejandro Olano-Garc\u00eda, \u00abDial\u00e9ctica sobre la secularizaci\u00f3n. Sobre la raz\u00f3n y la religi\u00f3n\u00bb, <i>Dikaion<\/i>, 17 (2008), 350-353. <a href=\"https:\/\/dialnet.unirioja.es\/descarga\/articulo\/2975943.pdf\">https:\/\/dialnet.unirioja.es\/descarga\/articulo\/2975943.pdf<\/a><\/p>\n","protected":false},"excerpt":{"rendered":"<p>Desaf\u00edos de la iglesia a 50 a\u00f1os del concilio Vaticano II 1\u00aa.- La participaci\u00f3n de los cristianos en la vida de la iglesia. Juan Jos\u00e9 Garrido. 26 de noviembre de 2016 2\u00aa.- La iglesia en el espacio p\u00fablico. \u00c1ngel Peris. 4 de febrero de 2017 3\u00aa.- Sobre la cuesti\u00f3n de g\u00e9nero. Emilia Bea y Mar\u00eda [&hellip;]<\/p>\n","protected":false},"author":1,"featured_media":0,"parent":3358,"menu_order":0,"comment_status":"closed","ping_status":"closed","template":"","meta":{"footnotes":""},"class_list":["post-3362","page","type-page","status-publish","hentry"],"_links":{"self":[{"href":"http:\/\/www.graduats.org\/wordpress\/wp-json\/wp\/v2\/pages\/3362","targetHints":{"allow":["GET"]}}],"collection":[{"href":"http:\/\/www.graduats.org\/wordpress\/wp-json\/wp\/v2\/pages"}],"about":[{"href":"http:\/\/www.graduats.org\/wordpress\/wp-json\/wp\/v2\/types\/page"}],"author":[{"embeddable":true,"href":"http:\/\/www.graduats.org\/wordpress\/wp-json\/wp\/v2\/users\/1"}],"replies":[{"embeddable":true,"href":"http:\/\/www.graduats.org\/wordpress\/wp-json\/wp\/v2\/comments?post=3362"}],"version-history":[{"count":11,"href":"http:\/\/www.graduats.org\/wordpress\/wp-json\/wp\/v2\/pages\/3362\/revisions"}],"predecessor-version":[{"id":4515,"href":"http:\/\/www.graduats.org\/wordpress\/wp-json\/wp\/v2\/pages\/3362\/revisions\/4515"}],"up":[{"embeddable":true,"href":"http:\/\/www.graduats.org\/wordpress\/wp-json\/wp\/v2\/pages\/3358"}],"wp:attachment":[{"href":"http:\/\/www.graduats.org\/wordpress\/wp-json\/wp\/v2\/media?parent=3362"}],"curies":[{"name":"wp","href":"https:\/\/api.w.org\/{rel}","templated":true}]}}