{"id":4125,"date":"2018-10-10T07:38:03","date_gmt":"2018-10-10T05:38:03","guid":{"rendered":"http:\/\/www.graduats.org\/wordpress\/?page_id=4125"},"modified":"2020-01-30T11:49:20","modified_gmt":"2020-01-30T10:49:20","slug":"curso-2018-2019","status":"publish","type":"page","link":"http:\/\/www.graduats.org\/wordpress\/otros-cursos-2\/curso-2018-2019\/","title":{"rendered":"Curso 2018-2019"},"content":{"rendered":"<h3><a href=\"http:\/\/www.graduats.org\/wordpress\/asamblea-de-inicio-de-curso-materiales\/\" target=\"_blank\" rel=\"noopener noreferrer\">Asamblea de inicio de curso<\/a><\/h3>\n<h3>Calendario<\/h3>\n<p style=\"padding-left: 30px;\">\u2014 Reuni\u00f3n para preparar el seminario: 4 de octubre, jueves, en casa de Jorge y Mar\u00eda Jos\u00e9.<span class=\"Apple-converted-space\">\u00a0 <\/span>Asistencia libre, pero al menos uno de cada equipo de revisi\u00f3n de vida.<br \/>\u2014 Retiro de Navidad: Domingo, 16 de diciembre de 2018 a las 11:00 en el colegio del Patriarca<\/p>\n<p style=\"padding-left: 30px;\">\u2014 <a href=\"http:\/\/www.graduats.org\/wordpress\/forum-cristianisme-i-mon-davi\/\" target=\"_blank\" rel=\"noopener noreferrer\">F\u00f2rum Cristianisme i mon d&#8217;avui<\/a>. 2 i de mars 2019<br \/>\u2014 <a href=\"http:\/\/www.graduats.org\/wordpress\/wp-admin\/post.php?post=4325&amp;action=edit\" target=\"_blank\" rel=\"noopener noreferrer\">Ejercicios espirituales: 6 y 7 de abril de 2019<\/a><br \/>\u2014 Sesi\u00f3n de estudios de Profesionales Cristianos: hacia finales del mes de mayo de 2019<\/p>\n<p style=\"padding-left: 30px;\">\u00a0<\/p>\n\n\n<div class=\"wp-block-image\">\n<figure class=\"aligncenter\"><img loading=\"lazy\" decoding=\"async\" width=\"646\" height=\"368\" class=\"wp-image-4389\" src=\"http:\/\/www.graduats.org\/wordpress\/wp-content\/uploads\/2019\/05\/Captura-de-Jorge-2019-05-31-a-las-11.23.png\" alt=\"\" srcset=\"http:\/\/www.graduats.org\/wordpress\/wp-content\/uploads\/2019\/05\/Captura-de-Jorge-2019-05-31-a-las-11.23.png 646w, http:\/\/www.graduats.org\/wordpress\/wp-content\/uploads\/2019\/05\/Captura-de-Jorge-2019-05-31-a-las-11.23-300x171.png 300w, http:\/\/www.graduats.org\/wordpress\/wp-content\/uploads\/2019\/05\/Captura-de-Jorge-2019-05-31-a-las-11.23-246x140.png 246w\" sizes=\"auto, (max-width: 646px) 100vw, 646px\" \/><\/figure>\n<\/div>\n<p style=\"padding-left: 30px;\">\n\n\n<\/p><p><\/p>\n<p>\u2014 Asamblea de fin de curso: 30 de junio de 2019<br \/>\u2014 Seminario de formaci\u00f3n.<br \/>1\u00aa\u2014 17 de noviembre 2018<br \/>2\u00aa\u2014 26 de enero 2019<br \/>3\u00aa\u2014 2 de marzo 2019<br \/>4\u00aa\u2014 30 de junio 2019 (aplazado)<\/p>\n<h3>Seminario de Formaci\u00f3n<br \/>PROPUESTAS \u00c9TICAS PARA ALGUNAS CUESTIONES ACTUALES<\/h3>\n<p style=\"padding-left: 30px;\"><span style=\"color: #999999;\">Nos reunimos los s\u00e1bados en el Colegio del Patriarca (c\/ Nave, 1); &nbsp;a las 17:00h. celebramos la eucarist\u00eda; comenzamos la sesi\u00f3n a las 17:45h.<\/span><br \/>1.-&nbsp;<strong>Bio\u00e9tica al final de la vida<\/strong>.&nbsp;Julia Navarro y Luis Llorens.-&nbsp;17 de noviembre 2018<br \/><a href=\"http:\/\/www.graduats.org\/wordpress\/wp-content\/uploads\/2018\/11\/Gui\u00f3n-de-la-ponencia.pdf\" target=\"_blank\" rel=\"noopener noreferrer\">Esquema de la ponencia<\/a><br \/><a href=\"http:\/\/www.graduats.org\/wordpress\/wp-content\/uploads\/2018\/11\/Textos-para-la-eucaristia.pdf\" target=\"_blank\" rel=\"noopener noreferrer\">Textos de la eucarist\u00eda<\/a><br \/><a href=\"http:\/\/www.graduats.org\/wordpress\/wp-content\/uploads\/2018\/11\/etica_al_final_de_la_vida.pdf\">Texto completo, bibliograf\u00eda y materiales<\/a><br \/>Presentaci\u00f3n proyectada<br \/>2.-&nbsp;<strong>Econom\u00eda y finanzas.<\/strong>&nbsp;Francisco Poveda y Mar\u00eda Iborra.-&nbsp;26 de enero 2019<br \/>3.-&nbsp;<strong>El malestar en la iglesia actual<\/strong>.&nbsp;Juan Jos\u00e9 Garrido y Mariano Ruiz.- 9 de marzo<br \/>4.- <b>Sobre el Congreso de Laicos<\/b>. APLAZADO<\/p>","protected":false},"excerpt":{"rendered":"<p>Asamblea de inicio de curso Calendario \u2014 Reuni\u00f3n para preparar el seminario: 4 de octubre, jueves, en casa de Jorge y Mar\u00eda Jos\u00e9.\u00a0 Asistencia libre, pero al menos uno de cada equipo de revisi\u00f3n de vida.\u2014 Retiro de Navidad: Domingo, 16 de diciembre de 2018 a las 11:00 en el colegio del Patriarca \u2014 F\u00f2rum [&hellip;]<\/p>\n","protected":false},"author":1,"featured_media":0,"parent":537,"menu_order":0,"comment_status":"closed","ping_status":"closed","template":"","meta":{"footnotes":""},"class_list":["post-4125","page","type-page","status-publish","hentry"],"_links":{"self":[{"href":"http:\/\/www.graduats.org\/wordpress\/wp-json\/wp\/v2\/pages\/4125","targetHints":{"allow":["GET"]}}],"collection":[{"href":"http:\/\/www.graduats.org\/wordpress\/wp-json\/wp\/v2\/pages"}],"about":[{"href":"http:\/\/www.graduats.org\/wordpress\/wp-json\/wp\/v2\/types\/page"}],"author":[{"embeddable":true,"href":"http:\/\/www.graduats.org\/wordpress\/wp-json\/wp\/v2\/users\/1"}],"replies":[{"embeddable":true,"href":"http:\/\/www.graduats.org\/wordpress\/wp-json\/wp\/v2\/comments?post=4125"}],"version-history":[{"count":24,"href":"http:\/\/www.graduats.org\/wordpress\/wp-json\/wp\/v2\/pages\/4125\/revisions"}],"predecessor-version":[{"id":4707,"href":"http:\/\/www.graduats.org\/wordpress\/wp-json\/wp\/v2\/pages\/4125\/revisions\/4707"}],"up":[{"embeddable":true,"href":"http:\/\/www.graduats.org\/wordpress\/wp-json\/wp\/v2\/pages\/537"}],"wp:attachment":[{"href":"http:\/\/www.graduats.org\/wordpress\/wp-json\/wp\/v2\/media?parent=4125"}],"curies":[{"name":"wp","href":"https:\/\/api.w.org\/{rel}","templated":true}]}}