{"id":45,"date":"2011-03-14T17:27:54","date_gmt":"2011-03-14T16:27:54","guid":{"rendered":"http:\/\/graduats.wordpress.com\/?page_id=45"},"modified":"2019-10-20T08:09:44","modified_gmt":"2019-10-20T06:09:44","slug":"2009-2010-2","status":"publish","type":"page","link":"http:\/\/www.graduats.org\/wordpress\/otros-cursos-2\/2009-2010-2\/","title":{"rendered":"Curso 2009-2010"},"content":{"rendered":"<p>Profesionales Cristianos:\u00a0Jornadas de Estudio\u00a02010<br \/>\n<a title=\"Profesionales Cristianos\" href=\"http:\/\/www.graduats.org\/curso2009-2010\/cronicapx.pdf\" rel=\"self noopener noreferrer\" target=\"_blank\">Cr\u00f3nica de las Jornadas, Por Julia<\/a><br \/>\n<a href=\"http:\/\/profesionalescristianos.com\/index.php?option=com_docman&amp;task=cat_view&amp;gid=24&amp;Itemid=13\" rel=\"external noopener noreferrer\" target=\"_blank\">Materiales<\/a> de la sesi\u00f3n de 2009.<br \/>\n&#8212;&#8212;&#8212;&#8212;&#8212;&#8212;&#8212;&#8212;&#8212;&#8212;&#8212;&#8212;&#8212;&#8212;&#8212;&#8212;&#8212;<br \/>\nAsamblea fin de curso: S\u00e1bado 26 de junio de 2010<br \/>\n&#8212;&#8212;&#8212;&#8212;&#8212;&#8212;&#8212;&#8212;&#8212;&#8212;&#8212;&#8212;&#8212;&#8212;&#8212;&#8212;&#8212;<\/p>\n<p><span style=\"text-decoration:underline;\">CINEMA D&#8217;ESTIU A LA VALLESA<br \/>\n<\/span>Julio 2010<br \/>\nCindo dias sin Norah<br \/>\n&#8212;&#8212;&#8212;&#8212;&#8212;&#8212;&#8212;&#8212;&#8212;&#8212;&#8212;&#8212;&#8212;&#8212;&#8212;&#8212;&#8212;<\/p>\n<p>Ha fallecido D. Rafael Sanus,<br \/>\n<a href=\"http:\/\/www.graduats.org\/curso2009-2010\/gracias.pdf\" rel=\"external noopener noreferrer\" target=\"_blank\">Gracias, D. Rafael.<\/a> Juan jos\u00e9 Garrido Zaragoz\u00e1<\/p>\n<p>Retiro de Navidad: Domingo 20 de diciembre<br \/>\nEjercicios: 13 y 14 de marzo de 2010. Vicente Fontestad, Vicari General.\u00a0<em>Casa Diocesana de Espiritualidad. Monasterio Nuestra Se\u00f1ora de los \u00c1ngeles. Camino del Monasterio, s\/n. 03730 &#8211; X\u00e0bia. Tel. 965790067 y 965790048. <\/em><br \/>\nProfesionales Cristianos:\u00a0compromiso de acudir y participar en las\u00a0Jornadas de Estudio\u00a0que se celebran anualmente. Ya\u00a0<a href=\"http:\/\/profesionalescristianos.com\/index.php?option=com_docman&amp;task=cat_view&amp;gid=24&amp;Itemid=13\" rel=\"external noopener noreferrer\" target=\"_blank\">pod\u00e9is consultar aqu\u00ed los materiales<\/a> de la sesi\u00f3n de 2009. La sesi\u00f3n de este a\u00f1o ser\u00e1 los d\u00edas 28 a 30 de mayo de 2010<\/p>\n<p>Asamblea fin de curso: S\u00e1bado 26 de junio de 2010<\/p>\n<p>SEMINARIO de FORMACI\u00d3N<\/p>\n<p>CONOCER, SEGUIR, CELEBRAR A JES\u00daS<\/p>\n<p>1\u00aa Sesi\u00f3n:\u00a0LA PERSONA. Jos\u00e9 Vidal Talens (<a href=\"http:\/\/www.graduats.org\/curso2009-2010\/2009seminario1.pdf\" rel=\"external noopener noreferrer\" target=\"_blank\">texto<\/a>)<br \/>\n31 de octubre de 2009<br \/>\n2\u00aa Sesi\u00f3n:\u00a0EL MENSAJE: EL REINO DE DIOS. Julia Navarro\u00a0(<a href=\"http:\/\/www.graduats.org\/curso2009-2010\/elreino.pdf\" rel=\"self noopener noreferrer\" target=\"_blank\">presentaci\u00f3n<\/a> y\u00a0<a href=\"http:\/\/www.graduats.org\/curso2009-2010\/elreinodedios.pdf\" rel=\"self noopener noreferrer\" target=\"_blank\">texto<\/a>)<br \/>\n28 de noviembre de 2009<br \/>\n3\u00aa Sesi\u00f3n:\u00a0GESTOS Y ACTITUDES. Mar\u00eda Jos\u00e9 A\u00f1\u00f3n<br \/>\n30 de enero de 2010<br \/>\n4\u00aa Sesi\u00f3n:\u00a0DE LA MUERTE A LA VIDA. Juan Jos\u00e9 Garrido<br \/>\n27 de marzo de 2010<\/p>\n<p><strong>BIBLIOGRAF\u00cdA<br \/>\n<\/strong><br \/>\nAdem\u00e1s de lo que dada ponente pueda se\u00f1alar m\u00e1s adelante, nos basaremos en el libro de Jos\u00e9 Antonio Pagola,<em>Jes\u00fas. Aproximaci\u00f3n hist\u00f3rica<\/em>. Madrid, 2007.<\/p>\n<p>Otros textos:<br \/>\nArmand Puig i Tarrech,\u00a0<em>Jes\u00fas. Una biograf\u00eda<\/em>, Barcelona, 2004; con edici\u00f3n en catal\u00e1n\u00a0<em>Jes\u00fas, un perfil biogr\u00e0fic<\/em>, Barcelona 2004.<\/p>\n<p>Joseph Ratzinger (Benedicto XVI)\u00a0<em>Jes\u00fas de Nazaret<\/em>, Madrid, 2008.<\/p>\n","protected":false},"excerpt":{"rendered":"<p>Profesionales Cristianos:\u00a0Jornadas de Estudio\u00a02010 Cr\u00f3nica de las Jornadas, Por Julia Materiales de la sesi\u00f3n de 2009. &#8212;&#8212;&#8212;&#8212;&#8212;&#8212;&#8212;&#8212;&#8212;&#8212;&#8212;&#8212;&#8212;&#8212;&#8212;&#8212;&#8212; Asamblea fin de curso: S\u00e1bado 26 de junio de 2010 &#8212;&#8212;&#8212;&#8212;&#8212;&#8212;&#8212;&#8212;&#8212;&#8212;&#8212;&#8212;&#8212;&#8212;&#8212;&#8212;&#8212; CINEMA D&#8217;ESTIU A LA VALLESA Julio 2010 Cindo dias sin Norah &#8212;&#8212;&#8212;&#8212;&#8212;&#8212;&#8212;&#8212;&#8212;&#8212;&#8212;&#8212;&#8212;&#8212;&#8212;&#8212;&#8212; Ha fallecido D. Rafael Sanus, Gracias, D. Rafael. Juan jos\u00e9 Garrido Zaragoz\u00e1 Retiro de Navidad: [&hellip;]<\/p>\n","protected":false},"author":2,"featured_media":0,"parent":537,"menu_order":9,"comment_status":"closed","ping_status":"closed","template":"","meta":{"footnotes":""},"class_list":["post-45","page","type-page","status-publish","hentry"],"_links":{"self":[{"href":"http:\/\/www.graduats.org\/wordpress\/wp-json\/wp\/v2\/pages\/45","targetHints":{"allow":["GET"]}}],"collection":[{"href":"http:\/\/www.graduats.org\/wordpress\/wp-json\/wp\/v2\/pages"}],"about":[{"href":"http:\/\/www.graduats.org\/wordpress\/wp-json\/wp\/v2\/types\/page"}],"author":[{"embeddable":true,"href":"http:\/\/www.graduats.org\/wordpress\/wp-json\/wp\/v2\/users\/2"}],"replies":[{"embeddable":true,"href":"http:\/\/www.graduats.org\/wordpress\/wp-json\/wp\/v2\/comments?post=45"}],"version-history":[{"count":3,"href":"http:\/\/www.graduats.org\/wordpress\/wp-json\/wp\/v2\/pages\/45\/revisions"}],"predecessor-version":[{"id":4509,"href":"http:\/\/www.graduats.org\/wordpress\/wp-json\/wp\/v2\/pages\/45\/revisions\/4509"}],"up":[{"embeddable":true,"href":"http:\/\/www.graduats.org\/wordpress\/wp-json\/wp\/v2\/pages\/537"}],"wp:attachment":[{"href":"http:\/\/www.graduats.org\/wordpress\/wp-json\/wp\/v2\/media?parent=45"}],"curies":[{"name":"wp","href":"https:\/\/api.w.org\/{rel}","templated":true}]}}