{"id":47,"date":"2011-03-14T17:28:47","date_gmt":"2011-03-14T16:28:47","guid":{"rendered":"http:\/\/graduats.wordpress.com\/?page_id=47"},"modified":"2019-10-20T08:09:37","modified_gmt":"2019-10-20T06:09:37","slug":"2008-2009","status":"publish","type":"page","link":"http:\/\/www.graduats.org\/wordpress\/otros-cursos-2\/2008-2009\/","title":{"rendered":"Curso 2008-2009"},"content":{"rendered":"<p>Celebramos nuestra\u00a0Asamblea de inicio de curso\u00a0los d\u00edas 26, 27 y 28 de setiembre de 2008.<br \/>\nPasamos el fin de semana en el monasterio de Nuestra Se\u00f1ora del\u00a0<span style=\"text-decoration:underline;\"><a href=\"http:\/\/www.arrakis.es\/~elolivar\/claustr1.htm\" rel=\"self\">Olivar<\/a><\/span> . (Teruel)<\/p>\n<p>Calendario<\/p>\n<p>15 de noviembre.- Seminario: \u00c9tica medioambiental. Ferran Lluch Girb\u00e9s. Bi\u00f3logo. Comisi\u00f3n de Pastoral del Ambiente<br \/>\n21 diciembre.- Retiro de Navidad, por la ma\u00f1ana en el Patriarca, a las 11.00<br \/>\n31 de enero.- Proyecci\u00f3n de \u00abDersu Uzala\u00bb, de Akira Kurosawa<br \/>\n4-5 de abril.- Jornades de Reflexi\u00f3 en La Barraca d\u2019Aig\u00fces Vives<br \/>\n25 de abril.- Poblaci\u00f3n y recursos. Crisis alimentaria. J\u00f9lia Navarro. M\u00e9dica<br \/>\n30 de mayo.- Teolog\u00eda de la creaci\u00f3n. Juan Jos\u00e9 Garrido. Te\u00f3logo<br \/>\n13 de junio.- Las respuestas desde lo cotidiano.- Proyecci\u00f3n de \u00abFrancisco, juglar de Dios\u00bb, de Roberto Rosellini<br \/>\n20 de junio: Asamblea de fin de curso.<\/p>\n<p>Compromiso con C\u00e1ritas.<br \/>\n&#8211; No solamente la aportaci\u00f3n material. Debe estar presente en la RdV. Bego\u00f1a va a Moncada. Carmen est\u00e1 en\u00a0<em>Mas al Vent<\/em>, trabajando con adultos.<br \/>\n&#8211; Proyecto Siroco: faltan monitores.<br \/>\n&#8211; Hacen falta personas de Graduats que hagan de enlace con C\u00e1ritas. Una por equipo o dos de todo el movimiento. Reuniones con Mar\u00eda \u00c1ngeles (C\u00e1ritas) para recibir informaci\u00f3n, ver necesidades, propagar actividades y proyectos a grupos con los que tenemos relaci\u00f3n: scouts, fraternidades, etc. Mantener este tipo de vinculaci\u00f3n es importante para C\u00e1ritas. Mar\u00eda Jos\u00e9 y Bego\u00f1a se ofrecen para esta tarea de relaci\u00f3n.-<\/p>\n<p>Reuniones de equipos de Revisi\u00f3n de Vida.<br \/>\n&#8211; Materiales de\u00a0<em>Profesionales Cristianos<\/em> para la Revisi\u00f3n de Vida.\u00a0<span style=\"text-decoration:underline;\"><a href=\"\/\/\/private\/var\/folders\/1B\/1BpRzbe%2BH1KAYPc5ZfR6XU%2B%2B%2BTI\/TemporaryItems\/RapidWeaver\/7359\/document-718951264\/RWDocumentPagePreview\/page22\/page22.html\" rel=\"self\">Profesionales desde el Coraz\u00f3n del Padre. <\/a><\/span><br \/>\n&#8211; Cardenal Carlo Mar\u00eda Martini y Georg Sporschill.<em> Coloquios nocturnos en Jerusal\u00e9n<\/em>.\u00a0<em>Sobre el riesgo de la fe.<\/em> Ed. San Pablo, Madrid, 2008.<\/p>\n<p>Seminario de Formaci\u00f3n<br \/>\n\u00c9tica medioambiental y teolog\u00eda de la creaci\u00f3n.<br \/>\n1\u00aa Sesi\u00f3n 15 de noviembre de 2008<br \/>\n\u00c9tica medioambiental. Ferran Lluch Girb\u00e9s. Bi\u00f3logo. Comisi\u00f3n de Pastoral del Ambiente<br \/>\n<span style=\"text-decoration:underline;\"><a href=\"http:\/\/www.graduats.org\/curso2008-2009\/capitulodecimo.pdf\" rel=\"self\">Cap\u00edtulo D\u00e9cimo del Compendio de Doctrina Social de la Iglesia<\/a><\/span><span style=\"text-decoration:underline;\"><br \/>\n<\/span><span style=\"text-decoration:underline;\"><a href=\"http:\/\/www.vatican.va\/holy_father\/john_paul_ii\/messages\/peace\/documents\/hf_jp-ii_mes_19891208_xxiii-world-day-for-peace_sp.html\" rel=\"self\">Jornada mundial por la paz. 1 de enero de 1990. Juan Pablo II<\/a><\/span><span style=\"text-decoration:underline;\"><br \/>\n<\/span>2\u00aa Sesi\u00f3n 31 de enero de 2009<span style=\"text-decoration:underline;\"><br \/>\n<\/span>Proyecci\u00f3n de \u201c<span style=\"text-decoration:underline;\">Centochiodi<\/span>\u201d de Ermanno Olmi.\u00a0<span style=\"text-decoration:underline;\"><br \/>\n(<\/span>Proyecci\u00f3n de \u00ab<span style=\"text-decoration:underline;\"><a href=\"http:\/\/www.miradas.net\/2005\/n41\/estudio\/dersuuzala.html\" rel=\"self\">Dersu Uzala<\/a><\/span>\u00ab, de Akira Kurosawa.-\u00a0\u00abDersu Uzala. Vivir en armon\u00eda con uno mismo y con el entorno\u00bb, en\u00a0<span style=\"text-decoration:underline;\"><a href=\"http:\/\/www.terra.org\/articulos\/art01536.html\" rel=\"self\">Terra.org. Ecolog\u00eda pr\u00e1ctica.<\/a><\/span> \u00abDersu Uzala. El buen salvaje\u00bb, por Antonio Peris Grao, en\u00a0<em><span style=\"text-decoration:underline;\"><a href=\"http:\/\/www.miradas.net\/2005\/n41\/estudio\/dersuuzala.html\" rel=\"external noopener noreferrer\" target=\"_blank\">Miradas de Cine<\/a><\/span><\/em><span style=\"text-decoration:underline;\"><a href=\"http:\/\/www.miradas.net\/2005\/n41\/estudio\/dersuuzala.html\" rel=\"external noopener noreferrer\" target=\"_blank\">, n\u00ba45 (agosto de 2005)<\/a><\/span><span style=\"text-decoration:underline;\"><br \/>\n<\/span>3\u00aa Sesi\u00f3n 25 de abril de 2009<br \/>\nPoblaci\u00f3n y recursos. Crisis alimentaria. J\u00f9lia Navarro. M\u00e9dica<br \/>\n-\u00abNosotros alimentamos el mundo\u00bb, Documental de\u00a0<span style=\"text-decoration:underline;\"><a href=\"http:\/\/www.karmafilms.es\/nosotrosalimentamosalmundo\/default.html\" rel=\"self\">Erwin Wagenhofer<\/a><\/span>.<br \/>\n&#8211;\u00a0El documental\u00a0<span style=\"text-decoration:underline;\"><a href=\"http:\/\/www.taringa.net\/posts\/info\/1133289\/el-mundo-segun-Monsanto-transgenicos-peligrosos.html\" rel=\"self\">El mundo seg\u00fan Monsanto<\/a><\/span>, difundido el martes 25 de noviembre de 2008 por la televisi\u00f3n francoalemana Arte, traza la historia del principal fabricante de organismos gen\u00e9ticamente modificados (OGM), cuyos granos de soja, ma\u00edz y algod\u00f3n se propagan por el mundo pese a las alertas ecologistas.<br \/>\n1.-\u00a0<a title=\"eticamedioambiental\" href=\"http:\/\/www.graduats.org\/curso2008-2009\/eticamedioambientaltxt.pdf\" rel=\"self noopener noreferrer\" target=\"_blank\">\u00c9tica medioambiental: Poblaci\u00f3n y recursos. <\/a><br \/>\n2.-\u00a0<a title=\"alos\" href=\"http:\/\/www.graduats.org\/curso2008-2009\/clavesalos.pdf\" rel=\"self noopener noreferrer\" target=\"_blank\">CLAVES TEOL\u00d3GICAS DE UN DEBER \u00c9TICO: CUIDAR LA TIERRA<\/a>\u00a0<em>Sebasti\u00e1n Al\u00f3s Latorre. <\/em>Presidente\/delegado de la. Comisi\u00f3n Diocesaza Justicia y Paz<br \/>\n3.-\u00a0<a href=\"http:\/\/www.graduats.org\/curso2008-2009\/eticamedioambiental.pdf\" rel=\"external noopener noreferrer\" target=\"_blank\">Presentaci\u00f3n<\/a><br \/>\n4\u00aa Sesi\u00f3n 30 de mayo de 2009<br \/>\nTeolog\u00eda de la creaci\u00f3n. Juan Jos\u00e9 Garrido. Te\u00f3logo<br \/>\nMateriales para la sesi\u00f3n:\u00a0<a href=\"http:\/\/www.vatican.va\/roman_curia\/pontifical_councils\/justpeace\/documents\/rc_pc_justpeace_doc_20060526_compendio-dott-soc_sp.html#CAP%CDTULO%20D%C9CIMO\" rel=\"external noopener noreferrer\" target=\"_blank\">Compendio de Doctrina Social de la Iglesia. Cap\u00edtulo X.- Salvaguardar el medio ambiente.-<\/a><br \/>\n5\u00aa Sesi\u00f3n. 13 de junio de 2009\u00a0Aplazada para Agosto en \u00abLa Vallesa\u00bb<br \/>\nLas respuestas desde lo cotidiano. Proyecci\u00f3n de \u00abFrancisco, juglar de Dios\u00bb, de Roberto Rosellini<br \/>\n\u00abFrancisco, juglar de Dios\u00bb, por Miguel Mar\u00edas, en\u00a0<em><a href=\"http:\/\/www.elcultural.es\/version_papel\/CINE\/7263\/Francisco_juglar_de_Dios\" rel=\"external noopener noreferrer\" target=\"_blank\">El cultural<\/a><\/em><em>, <\/em>publicado el 05\/06\/2003.\u00a0\u00abViejas pel\u00edculas y nuevos horizontes\u00bb. Entrevista con Roberto Rossellini Adriano Apr\u00e1 y Maurizio Ponzi. Traducci\u00f3n In\u00e9s B\u00e9rtoloTexto \u00a9 Marsilio editori, en\u00a0<em><span style=\"text-decoration:underline;\"><a href=\"http:\/\/historiactual.blogspot.com\/2007\/03\/entrevista-roberto-rossellini.html\" rel=\"self\">Historia Actual Blogspot<\/a><\/span><\/em><em><span style=\"text-decoration:underline;\">.<\/span><\/em> <a href=\"http:\/\/www.fratefrancesco.org\/cult\/93.cine.htm\" rel=\"external noopener noreferrer\" target=\"_blank\">San Francisco y los franciscanos en el Cine<\/a>. Sobre la pel\u00edcula de Rosellini:\u00a0<span style=\"text-decoration:underline;\"><a href=\"http:\/\/www.fratefrancesco.org\/cine\/giullare.htm\" rel=\"external noopener noreferrer\" target=\"_blank\">http:\/\/www.fratefrancesco.org\/cine\/giullare.htm<\/a><\/span><em><span style=\"text-decoration:underline;\"><br \/>\n<\/span><\/em>Asamblea de final de curso.-\u00a0El Trozo (N\u00e1quera) 20 de junio de 2009<br \/>\nEl s\u00e1bado nos reunimos en El Trozo para revisar el a\u00f1o. Tras la oraci\u00f3n, Julia, Jaime y Juan Jos\u00e9 nos contaron su asistencia a las Jornadas de Estudio de Profesionales Cristianos, sus positivas impresiones, y la necesidad de incentivar nuestra relaci\u00f3n. Pensamos que ser\u00eda conveniente participar m\u00e1s activamente.<br \/>\nRevisamos las reuniones de Revisi\u00f3n de Vida de los equipos y la adecuaci\u00f3n de los materiales que estamos utilizando.<br \/>\nJuan Jos\u00e9, por lo que respecta a los ejercicios anuales, propone que pensemos acerca de la conveniencia de preparar nosotros las meditaciones de esos d\u00eda. Lo decidiremos en la asamblea de comienzo de curso.<br \/>\nAcerca del seminario manifestamos nuestra preocupaci\u00f3n por una participaci\u00f3n m\u00e1s activa. Un seminario no es un ciclo de conferencias, sino la puesta en com\u00fan y la discusi\u00f3n acerca de unos materiales trabajados por todos, aunque el ponente pueda dirigir en cada caso la sesi\u00f3n. Para el curso pr\u00f3ximo, aunque lo decidiremos en setiembre, se apuntan varias posibilidades: Compendio de doctrina social de la iglesia; Literatura contempor\u00e1nea y cristianismo; La vida pol\u00edtica; El serm\u00f3n de la monta\u00f1a; La oraci\u00f3n del cristiano. Es cuesti\u00f3n de pensarlo este verano.<\/p>\n<p>Un par de peticiones:<br \/>\n1.- Donativos para una persona que tiene este verano especiales dificultades econ\u00f3micas. Pod\u00e9is darle el dinero a Julia, a Juan Jos\u00e9 o hacer una transferencia a la cuenta de Graduats:<br \/>\nBancaixa\u00a0Oficina 0769-Valencia-Tarongers<br \/>\nAv. Tarongers, s\/n Acc.Oeste Aulario Sur. VALENCIA 46022<br \/>\nCuenta 2077 0769\u00a088 1100403968<br \/>\n2.- Bego\u00f1a necesita 10 memorias flash (pen drive usb) para que los asistentes a su curso de inform\u00e1tica -la mayor\u00eda inmigrantes sin papeles- puedan poner en ellos su curriculum, etc. No hace falta que sean de gran capacidad, pero s\u00ed que es necesario tenerlos a lo largo de la semana que viene.<\/p>\n<p>Por \u00faltimo, la asamblea de comienzo del curso 2009-2010 ser\u00e1 el fin de semana del 18 al 20 de setiembre. Julia est\u00e1 gestionando el monasterio del\u00a0<a href=\"http:\/\/www.desiertodelaspalmas.com\/\" rel=\"external noopener noreferrer\" target=\"_blank\">Desierto de las Palmas<\/a>.<\/p>\n","protected":false},"excerpt":{"rendered":"<p>Celebramos nuestra\u00a0Asamblea de inicio de curso\u00a0los d\u00edas 26, 27 y 28 de setiembre de 2008. Pasamos el fin de semana en el monasterio de Nuestra Se\u00f1ora del\u00a0Olivar . (Teruel) Calendario 15 de noviembre.- Seminario: \u00c9tica medioambiental. Ferran Lluch Girb\u00e9s. Bi\u00f3logo. Comisi\u00f3n de Pastoral del Ambiente 21 diciembre.- Retiro de Navidad, por la ma\u00f1ana en el [&hellip;]<\/p>\n","protected":false},"author":2,"featured_media":0,"parent":537,"menu_order":8,"comment_status":"closed","ping_status":"closed","template":"","meta":{"footnotes":""},"class_list":["post-47","page","type-page","status-publish","hentry"],"_links":{"self":[{"href":"http:\/\/www.graduats.org\/wordpress\/wp-json\/wp\/v2\/pages\/47","targetHints":{"allow":["GET"]}}],"collection":[{"href":"http:\/\/www.graduats.org\/wordpress\/wp-json\/wp\/v2\/pages"}],"about":[{"href":"http:\/\/www.graduats.org\/wordpress\/wp-json\/wp\/v2\/types\/page"}],"author":[{"embeddable":true,"href":"http:\/\/www.graduats.org\/wordpress\/wp-json\/wp\/v2\/users\/2"}],"replies":[{"embeddable":true,"href":"http:\/\/www.graduats.org\/wordpress\/wp-json\/wp\/v2\/comments?post=47"}],"version-history":[{"count":3,"href":"http:\/\/www.graduats.org\/wordpress\/wp-json\/wp\/v2\/pages\/47\/revisions"}],"predecessor-version":[{"id":4508,"href":"http:\/\/www.graduats.org\/wordpress\/wp-json\/wp\/v2\/pages\/47\/revisions\/4508"}],"up":[{"embeddable":true,"href":"http:\/\/www.graduats.org\/wordpress\/wp-json\/wp\/v2\/pages\/537"}],"wp:attachment":[{"href":"http:\/\/www.graduats.org\/wordpress\/wp-json\/wp\/v2\/media?parent=47"}],"curies":[{"name":"wp","href":"https:\/\/api.w.org\/{rel}","templated":true}]}}