{"id":51,"date":"2011-03-14T17:29:33","date_gmt":"2011-03-14T16:29:33","guid":{"rendered":"http:\/\/graduats.wordpress.com\/?page_id=51"},"modified":"2019-10-20T08:09:22","modified_gmt":"2019-10-20T06:09:22","slug":"2006-2007","status":"publish","type":"page","link":"http:\/\/www.graduats.org\/wordpress\/otros-cursos-2\/2006-2007\/","title":{"rendered":"Curso 2006-2007"},"content":{"rendered":"<p>Asamblea de inicio de curso 2006-2007,\u00a06-8 de octubre de 2006,<br \/>\n<span style=\"text-decoration:underline;\"><a rel=\"self\" href=\"http:\/\/www.graduats.org\/curso2006-2007\/asamblea_de_inicio_de_curso_2006.htm\">Convocatoria<\/a><\/span><br \/>\nBuenafuente del Sistal.\u00a0<span style=\"text-decoration:underline;\"><a rel=\"self\" href=\"http:\/\/video.google.es\/videoplay?docid=4803182305809230872&amp;hl=es\">Fotograf\u00edas&#8230;<\/a><\/span><\/p>\n<p>Programaci\u00f3n\u00a0del curso 2006-2007.<br \/>\nS\u00e1bado 18 de noviembre\u00a0<span style=\"text-decoration:underline;\"><a rel=\"self\" href=\"http:\/\/www.graduats.org\/curso2006-2007\/seminario2007\/bergman\/bergman.htm\">1\u00aa sesi\u00f3n del seminario<\/a><\/span><br \/>\nDomingo 17 de diciembre, retiro de Navidad (D. Rafael Sanus)<br \/>\nS\u00e1bado 27 de enero,\u00a0<span style=\"text-decoration:underline;\"><a rel=\"self\" href=\"http:\/\/www.graduats.org\/curso2006-2007\/seminario2007\/novenodia\/novenodiaframes.htm\">2\u00aa sesi\u00f3n del seminario<\/a><\/span><br \/>\nS\u00e1bado 24 de febrero, 3\u00aa sesi\u00f3n del seminario<br \/>\nViernes 23 marzo a Domingo 25,\u00a0<span style=\"text-decoration:underline;\"><a rel=\"self\" href=\"http:\/\/www.graduats.org\/curso2006-2007\/exercicis\/exercicis2007.htm\">Ejercicios. La Barraca de Aig\u00fces Vives<\/a><\/span><br \/>\nS\u00e1bado 28 abril, 4\u00aa sesi\u00f3n del seminario<br \/>\nS\u00e1bado 19 de mayo, Pentecost\u00e9s<br \/>\nS\u00e1bado 9 de junio,\u00a0<span style=\"text-decoration:underline;\"><a rel=\"self\" href=\"http:\/\/www.graduats.org\/curso2006-2007\/asamblea_de_fin_de_curso.htm\">Asamblea fin de curso<\/a><\/span><\/p>\n<p>Reuniones de Revisi\u00f3n de Vida.<br \/>\nPensamos en seguir como texto de apoyo alguno acerca de las lecturas del domingo. Disponemos, entre otros, de dos:<br \/>\n1\u00ba.-\u00a0<span style=\"text-decoration:underline;\"><a rel=\"external noopener noreferrer\" href=\"http:\/\/svicentemartir-abando.org\/\" target=\"_blank\">Textos de Jos\u00e9 Antonio Pagola sobre las lecturas dominicales<\/a><\/span><span style=\"text-decoration:underline;\">. <\/span>Hay edici\u00f3n en papel:\u00a0<em>Un camino diferente<\/em>, Idatz, San Sebasti\u00e1n, 2006.<br \/>\n2\u00ba.- Raniero Cantalamessa.\u00a0<em>Echad las redes. Reflexiones sobre los evangelios. Ciclo C. Ed.<\/em> Edicep, Valencia, 2003.<br \/>\nP. Raniero Cantalamessa, Franciscano Capuchino, doctor en Teolog\u00eda y en Literatura, fue profesor de Historia de las origines cristianas en la Universidad cat\u00f3lica de Mil\u00e1n y Director del instituto de ciencias religiosas. Miembro de la Comisi\u00f3n Teol\u00f3gica Internacional de 1975 hasta 1981.\u00a0 En 1980 fue nombrado Predicador de la Casa Pontificia. En fuerza de esto oficio en todos estos a\u00f1os ha predicado cada semana en Cuaresma y en Adviento a la presencia del Papa de los Cardenales y Obispos de la Curia Romana y de los Superiores de las ordenes religiosas.\u00a0<span style=\"text-decoration:underline;\"><a rel=\"external noopener noreferrer\" href=\"http:\/\/www.cantalamessa.org\/es\/index.php\" target=\"_blank\">(+ informaci\u00f3n)<\/a><\/span><\/p>\n<p>Seminario:\u00a0<span style=\"text-decoration:underline;\"><a rel=\"self\" href=\"http:\/\/www.graduats.org\/curso2006-2007\/seminario2007\/seminario2007.htm\">Cine e identidad religiosa (+informaci\u00f3n)<\/a><\/span><\/p>\n<p>Assamblea General de\u00a0<em>Profesionales Cristianos<\/em>: &#8216;\u00c9tica y profesionales cristianos&#8217;\u00a0(Loeches, 1-3 de junio de 2007)<br \/>\nEste fin de semana tres miembros de Graduats, Julia, Patrici y Luis, hemos acudido a la\u00a0VII Asamblea de Professionales Cristianoscelebrada en el Centro Misionero Verbum Dei de Loeches (Madrid).<br \/>\nAugusto Hortal profesor de \u00e8tica de la Universidat de Comillas ha dirigido una reflexi\u00f3n\u00a0 en torno a la\u00a0<span style=\"text-decoration:underline;\"><a rel=\"self\" href=\"http:\/\/dialnet.unirioja.es\/servlet\/extaut?codigo=1658557\">\u00e9tica profesional<\/a><\/span>.<br \/>\nAl encuentro acudieron m\u00e1s de cincuenta profesionales de las distintas di\u00f3cesis en la que existe este movimiento\u00a0 (Badajoz, C\u00e1ceres, Las Palmas, Madrid, Mallorca, Zaragoza, Palencia, y Tenerife). Asistieron cuatro representantes de Mallorca de los que ya ten\u00edamos referencias por Miquel cuando nos dirigi\u00f3 los Ejercicios.<br \/>\nMuy sint\u00e9ticamente: un grupo de gente con nuestros mismos problemas, inquietudes, m\u00e9todos de trabajo y problem\u00e1tica eclesial.<br \/>\nYa ampliaremos informaci\u00f3n en la asamblea del pr\u00f3ximo s\u00e1bado. (<span style=\"text-decoration:underline;\"><a rel=\"self\" href=\"http:\/\/picasaweb.google.es\/jorgecorreab\/Graduats\/photo#5072847187617960066\">Una foto aqu\u00ed<\/a><\/span>).<br \/>\nLuis.<br \/>\n<span style=\"text-decoration:underline;\"><a rel=\"self\" href=\"http:\/\/www.graduats.org\/curso2006-2007\/profesionalescristianos\/sesion2007.pdf\">D\u00edptico<\/a><\/span> <span style=\"text-decoration:underline;\"><a rel=\"self\" href=\"http:\/\/www.graduats.org\/curso2006-2007\/profesionalescristianos\/previo.doc\">Documento de trabajo<\/a><\/span><\/p>\n<p>&nbsp;<\/p>\n","protected":false},"excerpt":{"rendered":"<p>Asamblea de inicio de curso 2006-2007,\u00a06-8 de octubre de 2006, Convocatoria Buenafuente del Sistal.\u00a0Fotograf\u00edas&#8230; Programaci\u00f3n\u00a0del curso 2006-2007. S\u00e1bado 18 de noviembre\u00a01\u00aa sesi\u00f3n del seminario Domingo 17 de diciembre, retiro de Navidad (D. Rafael Sanus) S\u00e1bado 27 de enero,\u00a02\u00aa sesi\u00f3n del seminario S\u00e1bado 24 de febrero, 3\u00aa sesi\u00f3n del seminario Viernes 23 marzo a Domingo 25,\u00a0Ejercicios. [&hellip;]<\/p>\n","protected":false},"author":2,"featured_media":0,"parent":537,"menu_order":6,"comment_status":"closed","ping_status":"closed","template":"","meta":{"footnotes":""},"class_list":["post-51","page","type-page","status-publish","hentry"],"_links":{"self":[{"href":"http:\/\/www.graduats.org\/wordpress\/wp-json\/wp\/v2\/pages\/51","targetHints":{"allow":["GET"]}}],"collection":[{"href":"http:\/\/www.graduats.org\/wordpress\/wp-json\/wp\/v2\/pages"}],"about":[{"href":"http:\/\/www.graduats.org\/wordpress\/wp-json\/wp\/v2\/types\/page"}],"author":[{"embeddable":true,"href":"http:\/\/www.graduats.org\/wordpress\/wp-json\/wp\/v2\/users\/2"}],"replies":[{"embeddable":true,"href":"http:\/\/www.graduats.org\/wordpress\/wp-json\/wp\/v2\/comments?post=51"}],"version-history":[{"count":3,"href":"http:\/\/www.graduats.org\/wordpress\/wp-json\/wp\/v2\/pages\/51\/revisions"}],"predecessor-version":[{"id":4506,"href":"http:\/\/www.graduats.org\/wordpress\/wp-json\/wp\/v2\/pages\/51\/revisions\/4506"}],"up":[{"embeddable":true,"href":"http:\/\/www.graduats.org\/wordpress\/wp-json\/wp\/v2\/pages\/537"}],"wp:attachment":[{"href":"http:\/\/www.graduats.org\/wordpress\/wp-json\/wp\/v2\/media?parent=51"}],"curies":[{"name":"wp","href":"https:\/\/api.w.org\/{rel}","templated":true}]}}