{"id":6582,"date":"2023-11-05T18:30:14","date_gmt":"2023-11-05T17:30:14","guid":{"rendered":"https:\/\/www.graduats.org\/wordpress\/?page_id=6582"},"modified":"2024-09-21T11:40:09","modified_gmt":"2024-09-21T09:40:09","slug":"asamblea-de-comienzo-de-curso-programacion","status":"publish","type":"page","link":"http:\/\/www.graduats.org\/wordpress\/asamblea-de-comienzo-de-curso-programacion\/","title":{"rendered":"ASAMBLEA DE COMIENZO DE CURSO. PROGRAMACI\u00d3N."},"content":{"rendered":"\n<p>12 octubre, 2023&nbsp;\u00b7 by&nbsp;<a href=\"http:\/\/www.graduats.org\/wordpress\/author\/admin\/\">Graduats a.c.<\/a>&nbsp;\u00b7 in&nbsp;<a href=\"http:\/\/www.graduats.org\/wordpress\/category\/noticias\/\">Noticias<\/a><\/p>\n\n\n\n<p>El pasado 1\u00ba de octubre nos reunimos en casa de Mar\u00eda Iborra, en Rocafort, para programar el curso. Comenzamos con una oraci\u00f3n y a continuaci\u00f3n programamos el curso. Celebramos la Eucarist\u00eda y luego comimos todos juntos.<\/p>\n\n\n\n<p>Sobre las reuniones de los equipos se propusieron algunos textos para acompa\u00f1ar la revisi\u00f3n de vida. Entre otros, se coment\u00f3 el de Fabio Rosini,\u00a0<em>El arte de recomenzar<\/em>; se acord\u00f3 utilizarlo en los ejercicios de marzo. Se indic\u00f3 tambi\u00e9n\u00a0<em>El impulso del Esp\u00edritu. Gu\u00eda para la lectura comunitaria de los Hechos de los Ap\u00f3stoles<\/em>, ed. Casa de la Biblia. De Dolores Alixandre,\u00a0<em>Contar a Jes\u00fas<\/em>.<\/p>\n\n\n\n<p>Se pasaron las cuentas del curso \u00faltimo. Hay un peque\u00f1o remanente (490\u20ac). Hacia final de a\u00f1o habr\u00e1 que realizar una aportaci\u00f3n.<\/p>\n\n\n<div class=\"wp-block-image\">\n<figure class=\"alignright is-resized\"><img loading=\"lazy\" decoding=\"async\" width=\"576\" height=\"1024\" src=\"https:\/\/www.graduats.org\/wordpress\/wp-content\/uploads\/2023\/10\/5372EBC5-D67C-4CA9-A13C-6FC30CEA4C14_1_105_c-576x1024.jpeg\" alt=\"\" class=\"wp-image-6574\" style=\"aspect-ratio:0.5625;width:208px;height:auto\" srcset=\"http:\/\/www.graduats.org\/wordpress\/wp-content\/uploads\/2023\/10\/5372EBC5-D67C-4CA9-A13C-6FC30CEA4C14_1_105_c-576x1024.jpeg 576w, http:\/\/www.graduats.org\/wordpress\/wp-content\/uploads\/2023\/10\/5372EBC5-D67C-4CA9-A13C-6FC30CEA4C14_1_105_c-169x300.jpeg 169w, http:\/\/www.graduats.org\/wordpress\/wp-content\/uploads\/2023\/10\/5372EBC5-D67C-4CA9-A13C-6FC30CEA4C14_1_105_c.jpeg 665w\" sizes=\"auto, (max-width: 576px) 100vw, 576px\" \/><\/figure>\n<\/div>\n\n\n<p>El calendario queda como sigue:<\/p>\n\n\n\n<p>Retiro de Navidad: s\u00e1bado 16 de diciembre de 2023.<br \/>Ejercicios espirituales: 9-10 de marzo de 2024.<br \/>Asamblea de final de curso 15 \u00f3 16 de junio de 2024.<\/p>\n\n\n\n<p>En cuanto al seminario de formaci\u00f3n de este curso, las sesiones propuestas por la comisi\u00f3n de preparaci\u00f3n son:<\/p>\n\n\n\n<p>1\u00aa sesi\u00f3n: El sentido de la liturgia.<br \/>Edgar Esteve, catedr\u00e1tico de liturgia de la facultad de teolog\u00eda de Valencia.<br \/>18 de noviembre de 2023<\/p>\n\n\n\n<p>2\u00aa sesi\u00f3n: La Eucarist\u00eda. Oraci\u00f3n lit\u00fargica por excelencia de la iglesia.<br \/>Javier Salinas, obispo em\u00e9rito<br \/>27 de enero de 2024<\/p>\n\n\n\n<p>3\u00aa sesi\u00f3n: Actualidad religiosa y filos\u00f3fica de Blaise Pascal<br \/>Juan Jos\u00e9 Garrido, catedr\u00e1tico de historia de la filosof\u00eda de la facultad de teolog\u00eda de Valencia.<br \/>24 de febrero de 2024.<\/p>\n\n\n\n<p>4\u00aa sesi\u00f3n: Edith Stein: testimonio de crecimiento espiritual<br \/>Emilia Bea, profesora de filosof\u00eda del derecho de la universidad de Valencia<br \/>4 de mayo de 2024<\/p>\n\n\n\n<p>5\u00aa sesi\u00f3n: presentaci\u00f3n de&nbsp;<em>Laudate Deum,<\/em>&nbsp;la reci\u00e9n aparecida exhortaci\u00f3n apost\u00f3lica del Papa sobre Fe y cuidado de la casa com\u00fan.<br \/>25 de mayo de 2024<\/p>\n\n\n\n<p>Bibliograf\u00eda para las sesiones:<br \/>Romano Guardini,&nbsp;<em>El esp\u00edritu de la liturgia<\/em>, Centre de pastoral lit\u00fargica, Baercelona, 1999, cuaderno n\u00ba 100. (<a href=\"https:\/\/guardini.files.wordpress.com\/2010\/10\/el-espiritu-de-la-liturgia.pdf\">versi\u00f3n digital<\/a>)<br \/>Joseph Ratzinger. Benedicto XVI,&nbsp;<em>El esp\u00edritu de la liturgia,&nbsp;<\/em>ed. Cristiandad, Madrid, 2007. (<a href=\"https:\/\/www.traditio-op.org\/Liturgica_Rito_Latino\/El_Espiritu_de_La_Liturgia_Ratzinger.pdf\">versi\u00f3n digital<\/a>)<br \/>B.- Pascal,&nbsp;<em>Pensamientos<\/em>, ed. Espasa -Calpe, Madrid, 1967, trad. Xavier Zubiri.<br \/>Emilia Bea,&nbsp;<em>Testimonis del segle XX<\/em>, Publicacions de l\u2019Abadia de Montserrat, 2001.<br \/>Papa Francisco,&nbsp;<em>Laudate Deum<\/em>, (<a href=\"https:\/\/www.vatican.va\/content\/francesco\/es\/apost_exhortations\/documents\/20231004-laudate-deum.html\">versi\u00f3n digital<\/a>). Exhortaci\u00f3n apost\u00f3lica a todas las personas de buena voluntad sobre la crisis clim\u00e1tica.<\/p>\n","protected":false},"excerpt":{"rendered":"<p>12 octubre, 2023&nbsp;\u00b7 by&nbsp;Graduats a.c.&nbsp;\u00b7 in&nbsp;Noticias El pasado 1\u00ba de octubre nos reunimos en casa de Mar\u00eda Iborra, en Rocafort, para programar el curso. Comenzamos con una oraci\u00f3n y a continuaci\u00f3n programamos el curso. Celebramos la Eucarist\u00eda y luego comimos todos juntos. Sobre las reuniones de los equipos se propusieron algunos textos para acompa\u00f1ar la [&hellip;]<\/p>\n","protected":false},"author":1,"featured_media":0,"parent":0,"menu_order":0,"comment_status":"closed","ping_status":"closed","template":"","meta":{"footnotes":""},"class_list":["post-6582","page","type-page","status-publish","hentry"],"_links":{"self":[{"href":"http:\/\/www.graduats.org\/wordpress\/wp-json\/wp\/v2\/pages\/6582","targetHints":{"allow":["GET"]}}],"collection":[{"href":"http:\/\/www.graduats.org\/wordpress\/wp-json\/wp\/v2\/pages"}],"about":[{"href":"http:\/\/www.graduats.org\/wordpress\/wp-json\/wp\/v2\/types\/page"}],"author":[{"embeddable":true,"href":"http:\/\/www.graduats.org\/wordpress\/wp-json\/wp\/v2\/users\/1"}],"replies":[{"embeddable":true,"href":"http:\/\/www.graduats.org\/wordpress\/wp-json\/wp\/v2\/comments?post=6582"}],"version-history":[{"count":3,"href":"http:\/\/www.graduats.org\/wordpress\/wp-json\/wp\/v2\/pages\/6582\/revisions"}],"predecessor-version":[{"id":6647,"href":"http:\/\/www.graduats.org\/wordpress\/wp-json\/wp\/v2\/pages\/6582\/revisions\/6647"}],"wp:attachment":[{"href":"http:\/\/www.graduats.org\/wordpress\/wp-json\/wp\/v2\/media?parent=6582"}],"curies":[{"name":"wp","href":"https:\/\/api.w.org\/{rel}","templated":true}]}}