{"id":6605,"date":"2024-02-19T15:45:15","date_gmt":"2024-02-19T14:45:15","guid":{"rendered":"https:\/\/www.graduats.org\/wordpress\/?page_id=6605"},"modified":"2024-02-19T16:10:59","modified_gmt":"2024-02-19T15:10:59","slug":"2022-2023","status":"publish","type":"page","link":"https:\/\/www.graduats.org\/wordpress\/2022-2023\/","title":{"rendered":"2022-2023"},"content":{"rendered":"\n<h1 class=\"wp-block-heading\">NUEVO CURSO 2022-2023. ASAMBLEA Y PROGRAMACI\u00d3N<\/h1>\n\n\n\n<p>26 octubre, 2022\u00a0\u00b7 by\u00a0<a href=\"https:\/\/www.graduats.org\/wordpress\/author\/admin\/\">Graduats a.c.<\/a>\u00a0\u00b7 in\u00a0<a href=\"https:\/\/www.graduats.org\/wordpress\/category\/noticias\/\">Noticias<\/a>\u00a0\u00b7<a href=\"https:\/\/www.graduats.org\/wordpress\/wp-admin\/post.php?post=6405&amp;action=edit\">Edit<\/a><\/p>\n\n\n\n<p>ASAMBLEA PRINCIPIO DE CURSO (17 y 18 septiembre 2022)<\/p>\n\n\n\n<p><br \/>Comenzamos por una oraci\u00f3n que recogiese el sentido de lo que va a ser esta asamblea, preparando nuestro esp\u00edritu para acoger y emprender ese cambio necesario que con toda la Iglesia est\u00e1 en marcha. Una reflexi\u00f3n en silencio sobre algunos fragmentos, un salmo que recoge nuestra necesidad de acoger la presencia de Dios, y una acci\u00f3n de gracias.&nbsp;<\/p>\n\n\n\n<p>Oraci\u00f3n de comienzo (fragmentos)<br \/>\u201cHay momentos en que nos sentimos rendidos y nos decimos:&nbsp;&nbsp;\u2018como nos conocemos, ya vemos dif\u00edcil cambiar\u2019.&nbsp;&nbsp;Nuestra visi\u00f3n, nuestras manos, nuestros pies est\u00e1n paralizadas\u2026 Nos quedamos atrapados en lo accesorio: la ley, el rito, las palabras oportunas\u2026Pero T\u00fa, Se\u00f1or, desmontas todas las objeciones, las resistencias, la rendici\u00f3n. Porque quieres sanar al mundo, a cada ser humano, a su Iglesia que es la nuestra\u2026Y es que, tambi\u00e9n hoy, T\u00fa amas m\u00e1s de lo que podemos comprender, act\u00faas con libertad frente a la ley, tocas lo intocable\u2026<br \/>\u00abLo viejo son las formas que no dicen nada, las palabras que no transmiten nada, los ritos que no comunican nada. Lo nuevo ser\u00e1n las formas, palabras, ritos y gestos que hablan a los hombres y mujeres de hoy. Lo viejo, tambi\u00e9n son las formas de entender a Dios como un juez implacable, como el Dios de la ley. Lo nuevo es tu ense\u00f1anza de Dios como el padre de la Misericordia que a todos nos ama. Sigue siendo una tentaci\u00f3n quedarse atados a una imagen irreal de Dios\u2026 No nos dejemos atrapar por la fe de la rutina y la inercia. Viv\u00e1mosla&nbsp;&nbsp;con apertura y actitud renovada.\u201d<br \/>\u201cCuando estamos abiertos a la presencia del Se\u00f1or en nuestro coraz\u00f3n, donde \u00c9l&nbsp;&nbsp;habita, experimentamos su abrazo, y todo cambia , todo cobra sentido. Y entonces nos vivimos, y el Se\u00f1or nos pone al frente de su sue\u00f1o para el Reino. Y entre todos, tejeremos la esperanza y contaremos la buena noticia. Y el Reino se llenar\u00e1 de luz y de vida nueva. Te damos gracias, Se\u00f1or.\u201d<\/p>\n\n\n\n<p>Posteriormente, reflexionamos individualmente y en grupo sobre los trabajos que se van publicando sobre el s\u00ednodo, el servicio en el movimiento inspirados por la reflexi\u00f3n que comparti\u00f3 Roberto, y sobre la llamada a la espiritualidad de la comuni\u00f3n.<br \/>En la puesta en com\u00fan, aterrizamos las aportaciones de los equipos, en cuanto a&nbsp;&nbsp;la distribuci\u00f3n de responsabilidades entre nosotros, la revisi\u00f3n de la manera en que nos presentamos ante el mundo y la Iglesia, la necesidad de llevar m\u00e1s vida al equipo y practicar el discernimiento, que es en definitiva la revisi\u00f3n de vida. Un compromiso individual y compartido de dar otro impulso al movimiento y al compromiso con la misi\u00f3n recibida.<br \/>Por la tarde, reanudamos la sesi\u00f3n de cine que sol\u00edamos realizar todos los a\u00f1os en esta asamblea.&nbsp;&nbsp;En esta ocasi\u00f3n proyectamos la pel\u00edcula Belfast, dirigida por Kenneth Branagh , que suscit\u00f3 un interesante coloquio, relacionado con el ecumenismo, la intolerancia y la violencia, los problemas de conciliaci\u00f3n trabajo-familia, la cuesti\u00f3n pol\u00edtica relacionada con el sentido de pertenencia a un territorio\u2026 etc.<br \/>El domingo por la ma\u00f1ana, nos dedicamos a programar el curso. Los textos que utilizaremos en las reuniones, el tema del Seminario, los retiros y ejercicios espirituales.<br \/>Posteriormente&nbsp;&nbsp;celebramos la Eucarist\u00eda.<br \/><br \/><img loading=\"lazy\" decoding=\"async\" width=\"903\" height=\"469\" src=\"http:\/\/www.graduats.org\/wordpress\/wp-content\/uploads\/2022\/10\/asambleainicio2022-23-e1666758510765.jpg\" alt=\"\" srcset=\"https:\/\/www.graduats.org\/wordpress\/wp-content\/uploads\/2022\/10\/asambleainicio2022-23-e1666758510765.jpg 903w, https:\/\/www.graduats.org\/wordpress\/wp-content\/uploads\/2022\/10\/asambleainicio2022-23-e1666758510765-300x156.jpg 300w, https:\/\/www.graduats.org\/wordpress\/wp-content\/uploads\/2022\/10\/asambleainicio2022-23-e1666758510765-768x399.jpg 768w\"\/><br \/><strong>PROGRAMACI\u00d3N DEL CURSO<\/strong><\/p>\n\n\n\n<p>Retiro de Navidad.<br \/>17 de diciembre. S\u00e1bado a las 17:00.<\/p>\n\n\n\n<p>Ejercicios espirituales<br \/>24-26 de marzo 2023. Casa de espiritualidad de J\u00e1vea<\/p>\n\n\n\n<p><em>Forum Cristianisme i mon d\u2019avui.<\/em>&nbsp;El&nbsp;<em>Forum<\/em>&nbsp;se ha cerrado definitivamente tras la muerte de Julio Ciges<\/p>\n\n\n\n<p>Jornadas de estudio de Profesionales Cristianos<br \/>2, 3 y 4 de junio de 2023<\/p>\n\n\n\n<p>Asamblea de fin de curso.<br \/>18 de junio de 2023. Rocafort<\/p>\n\n\n\n<p><strong>Seminario de formaci\u00f3n: J\u00d3VENES Y CRISTIANISMO<\/strong><\/p>\n\n\n\n<p>SESIONES<br \/>1.-&nbsp;&nbsp;<em>Los j\u00f3venes y lo religioso en el mundo de hoy<\/em><br \/>Blanca Gallego<br \/>S\u00e1bado 3 de diciembre 2022<br \/>2.-&nbsp;<em>Nuevas formas de religiosidad juvenil<\/em><br \/>Virgilio Gonz\u00e1lez P\u00e9rez, Delegado de pastoral de juventud<br \/>S\u00e1bado 11 de febrero 2023<br \/>3.&nbsp;<em>Transmisi\u00f3n de la fe<\/em><br \/>Juan Jos\u00e9 Garrido y \u00c1ngel P\u00e9ris<br \/>S\u00e1bado 22 de abril 2023<br \/>4.-&nbsp;<em>Propuestas para la evangelizaci\u00f3n de los j\u00f3venes<\/em><br \/>S\u00e1bado 27 de mayo 2023<br \/>Julia Navarro y Mar\u00eda Victoria Vergara<\/p>\n\n\n\n<p><strong>Bibliograf\u00eda<\/strong><br \/>\u2014 Juan Jos\u00e9 Garrido,&nbsp;<a href=\"http:\/\/www.graduats.org\/wordpress\/wp-content\/uploads\/2022\/10\/Juan-Jose-Garrido-La-transmision-de-la-fe-en-nuestro-contexto-socio-cultural.pdf\">\u00abLa transmisi\u00f3n de la fe en nuestro entorno socio-cultural\u00bb<\/a>,&nbsp;<em>En torno a Dios, la fe, la Iglesia y el hombre. Ensayos y&nbsp;<\/em>conferencias., Valencia, 2021, 49-70.<br \/>\u2014 Jos\u00e9 Mar\u00eda Mardones,&nbsp;<a href=\"http:\/\/www.graduats.org\/wordpress\/wp-content\/uploads\/2022\/10\/La-indiferencia-religiosa-en-Espana-J.M.-Mardones.pdf\">\u00abUna juventud no religiosa\u00bb<\/a>,&nbsp;<em>La indiferencia religiosa en Espa\u00f1a \u00bfQu\u00e9 futuro tiene el cristianismo?<\/em>, Madrid, 2003. 31-49.<br \/><em>\u2014&nbsp;<\/em>Javier Elzo,&nbsp;<a href=\"https:\/\/iviva.org\/revistas\/258\/258-11-ELZO.pdf\">\u00abLa juventud actual y la crisis. \u00bfUna generaci\u00f3n perdida?\u00bb,<\/a>&nbsp;<em>Iglesia Viva<\/em>, 258 (2014), 11-28<br \/><em>\u2014&nbsp;<\/em>Javier Elzo,&nbsp;<a href=\"http:\/\/www.graduats.org\/wordpress\/wp-content\/uploads\/2022\/10\/%C2%BFTiene-futuro-el-cristianismo-en-Espana-J.-Elzo.pdf\">\u00abLos j\u00f3venes y lo religioso ante las incertidumbres del mundo de hoy\u00bb<\/a><em>,<\/em>&nbsp;<em>\u00bfTiene futuro el cristianismo en Espa\u00f1a? De la era de la cristiandad a la era postsecular,<\/em>&nbsp;Madrid, 2020, 95-128<br \/>\u2014 Neus Forcano,&nbsp;<a href=\"http:\/\/www.apple.com\/es\">\u00abJ\u00f3venes y religi\u00f3n: apuesta por una espiritualidad creativa y compasiva\u00bb<\/a>,&nbsp;<em>Iglesia Viva<\/em>, 258 (2014), 53-68<br \/>\u2014 Papa Francisco,<em><a href=\"https:\/\/www.vatican.va\/content\/francesco\/es\/apost_exhortations\/documents\/papa-francesco_esortazione-ap_20190325_christus-vivit.html\">&nbsp;Chistus vivit, Exhortaci\u00f3n apost\u00f3lica postsinodal a los j\u00f3venes y a todo el pueblo de Dios<\/a>.<\/em>&nbsp;Loreto, marzo de 2019.<br \/>\u2014 Estela Aguirre y otros.&nbsp;<em><a href=\"https:\/\/oji.fundacion-sm.org\/protagonistas-y-espectadores-i\/\">Protagonistas y espectadores (I). Una mirada longitudinal sobre la juventud espa\u00f1ola.<\/a>&nbsp;Un an\u00e1lisis sobre c\u00f3mo la investigaci\u00f3n emp\u00edrica ha recogido los cambios experimentados por la juventud espa\u00f1ola desde 1980.&nbsp;<\/em>Observatorio de la Juventud. Fundaci\u00f3n SM. &nbsp;Octubre 2019.<br \/>\u2014 Ignacio Meg\u00edas Quir\u00f3s,&nbsp;<em><a href=\"https:\/\/oji.fundacion-sm.org\/protagonistas-y-espectadores-ii\/\">Protagonistas y espectadores (II). Los discursos de los j\u00f3venes espa\u00f1oles.<\/a>&nbsp;Una investigaci\u00f3n sobre las actitudes, valores, expectativas y modos de vida de la juventud espa\u00f1ola partir de sus propios discursos<\/em>. Observatorio de la Juventud. Fundaci\u00f3n SM. &nbsp;Octubre 2019.<\/p>\n","protected":false},"excerpt":{"rendered":"<p>NUEVO CURSO 2022-2023. ASAMBLEA Y PROGRAMACI\u00d3N 26 octubre, 2022\u00a0\u00b7 by\u00a0Graduats a.c.\u00a0\u00b7 in\u00a0Noticias\u00a0\u00b7Edit ASAMBLEA PRINCIPIO DE CURSO (17 y 18 septiembre 2022) Comenzamos por una oraci\u00f3n que recogiese el sentido de lo que va a ser esta asamblea, preparando nuestro esp\u00edritu para acoger y emprender ese cambio necesario que con toda la Iglesia est\u00e1 en marcha. [&hellip;]<\/p>\n","protected":false},"author":1,"featured_media":0,"parent":0,"menu_order":0,"comment_status":"closed","ping_status":"closed","template":"","meta":{"footnotes":""},"class_list":["post-6605","page","type-page","status-publish","hentry"],"_links":{"self":[{"href":"https:\/\/www.graduats.org\/wordpress\/wp-json\/wp\/v2\/pages\/6605","targetHints":{"allow":["GET"]}}],"collection":[{"href":"https:\/\/www.graduats.org\/wordpress\/wp-json\/wp\/v2\/pages"}],"about":[{"href":"https:\/\/www.graduats.org\/wordpress\/wp-json\/wp\/v2\/types\/page"}],"author":[{"embeddable":true,"href":"https:\/\/www.graduats.org\/wordpress\/wp-json\/wp\/v2\/users\/1"}],"replies":[{"embeddable":true,"href":"https:\/\/www.graduats.org\/wordpress\/wp-json\/wp\/v2\/comments?post=6605"}],"version-history":[{"count":2,"href":"https:\/\/www.graduats.org\/wordpress\/wp-json\/wp\/v2\/pages\/6605\/revisions"}],"predecessor-version":[{"id":6622,"href":"https:\/\/www.graduats.org\/wordpress\/wp-json\/wp\/v2\/pages\/6605\/revisions\/6622"}],"wp:attachment":[{"href":"https:\/\/www.graduats.org\/wordpress\/wp-json\/wp\/v2\/media?parent=6605"}],"curies":[{"name":"wp","href":"https:\/\/api.w.org\/{rel}","templated":true}]}}